{"id":50,"date":"2025-06-10T15:17:18","date_gmt":"2025-06-10T13:17:18","guid":{"rendered":"http:\/\/bangbangbackup.fr\/?page_id=50"},"modified":"2025-12-24T11:35:36","modified_gmt":"2025-12-24T10:35:36","slug":"actualites","status":"publish","type":"page","link":"http:\/\/bangbangbackup.fr\/?page_id=50","title":{"rendered":"Actualit\u00e9s"},"content":{"rendered":"\t\t<div data-elementor-type=\"wp-page\" data-elementor-id=\"50\" class=\"elementor elementor-50\">\n\t\t\t\t<div class=\"elementor-element elementor-element-6a6215a e-flex e-con-boxed e-con e-parent\" data-id=\"6a6215a\" data-element_type=\"container\" data-settings=\"{&quot;background_background&quot;:&quot;classic&quot;}\">\n\t\t\t\t\t<div class=\"e-con-inner\">\n\t\t\t\t<div class=\"elementor-element elementor-element-718a737 elementor-widget elementor-widget-heading\" data-id=\"718a737\" data-element_type=\"widget\" data-widget_type=\"heading.default\">\n\t\t\t\t<div class=\"elementor-widget-container\">\n\t\t\t\t\t<h1 class=\"elementor-heading-title elementor-size-default\">Actualit\u00e9s et guides<\/h1>\t\t\t\t<\/div>\n\t\t\t\t<\/div>\n\t\t\t\t<div class=\"elementor-element elementor-element-6e11804 elementor-widget elementor-widget-text-editor\" data-id=\"6e11804\" data-element_type=\"widget\" data-widget_type=\"text-editor.default\">\n\t\t\t\t<div class=\"elementor-widget-container\">\n\t\t\t\t\t\t\t\t\t<p>Lorem ipsum dolor sit amet, consectetur adipiscing elit. Ut elit tellus, luctus nec ullamcorper mattis, pulvinar dapibus leo.<\/p>\t\t\t\t\t\t\t\t<\/div>\n\t\t\t\t<\/div>\n\t\t<div class=\"elementor-element elementor-element-1324d08 e-con-full e-flex e-con e-child\" data-id=\"1324d08\" data-element_type=\"container\">\n\t\t<div class=\"elementor-element elementor-element-fd7f949 e-con-full elementor-hidden-mobile e-flex e-con e-child\" data-id=\"fd7f949\" data-element_type=\"container\">\n\t\t<div class=\"elementor-element elementor-element-d9f8e3c e-con-full e-flex e-con e-child\" data-id=\"d9f8e3c\" data-element_type=\"container\">\n\t\t\t\t<\/div>\n\t\t<div class=\"elementor-element elementor-element-74e90a8 e-con-full e-flex e-con e-child\" data-id=\"74e90a8\" data-element_type=\"container\">\n\t\t<div class=\"elementor-element elementor-element-c1208aa e-con-full elementor-hidden-tablet elementor-hidden-mobile e-flex e-con e-child\" data-id=\"c1208aa\" data-element_type=\"container\">\n\t\t<div class=\"elementor-element elementor-element-0084e6a e-con-full e-flex e-con e-child\" data-id=\"0084e6a\" data-element_type=\"container\">\n\t\t\t\t<div class=\"elementor-element elementor-element-14bfe6c elementor-widget elementor-widget-button\" data-id=\"14bfe6c\" data-element_type=\"widget\" data-widget_type=\"button.default\">\n\t\t\t\t<div class=\"elementor-widget-container\">\n\t\t\t\t\t\t\t\t\t<div class=\"elementor-button-wrapper\">\n\t\t\t\t\t<a class=\"elementor-button elementor-button-link elementor-size-sm\" href=\"#\">\n\t\t\t\t\t\t<span class=\"elementor-button-content-wrapper\">\n\t\t\t\t\t\t\t\t\t<span class=\"elementor-button-text\">Cat\u00e9gorie 1<\/span>\n\t\t\t\t\t<\/span>\n\t\t\t\t\t<\/a>\n\t\t\t\t<\/div>\n\t\t\t\t\t\t\t\t<\/div>\n\t\t\t\t<\/div>\n\t\t\t\t<\/div>\n\t\t<div class=\"elementor-element elementor-element-3e75304 e-con-full e-flex e-con e-child\" data-id=\"3e75304\" data-element_type=\"container\">\n\t\t\t\t<div class=\"elementor-element elementor-element-a25a8c0 elementor-widget elementor-widget-button\" data-id=\"a25a8c0\" data-element_type=\"widget\" data-widget_type=\"button.default\">\n\t\t\t\t<div class=\"elementor-widget-container\">\n\t\t\t\t\t\t\t\t\t<div class=\"elementor-button-wrapper\">\n\t\t\t\t\t<a class=\"elementor-button elementor-button-link elementor-size-sm\" href=\"#\">\n\t\t\t\t\t\t<span class=\"elementor-button-content-wrapper\">\n\t\t\t\t\t\t\t\t\t<span class=\"elementor-button-text\">Cat\u00e9gorie 2<\/span>\n\t\t\t\t\t<\/span>\n\t\t\t\t\t<\/a>\n\t\t\t\t<\/div>\n\t\t\t\t\t\t\t\t<\/div>\n\t\t\t\t<\/div>\n\t\t\t\t<\/div>\n\t\t\t\t<\/div>\n\t\t<div class=\"elementor-element elementor-element-3e8ea1d e-con-full e-flex e-con e-child\" data-id=\"3e8ea1d\" data-element_type=\"container\">\n\t\t\t\t<\/div>\n\t\t\t\t<\/div>\n\t\t\t\t<\/div>\n\t\t\t\t<div class=\"elementor-element elementor-element-5f106a2 elementor-widget elementor-widget-raven-advanced-posts\" data-id=\"5f106a2\" data-element_type=\"widget\" data-settings=\"{&quot;columns&quot;:&quot;1&quot;,&quot;query_posts_per_page&quot;:1,&quot;columns_tablet&quot;:&quot;1&quot;,&quot;general_layout&quot;:&quot;grid&quot;,&quot;columns_mobile&quot;:&quot;1&quot;,&quot;query_offset&quot;:0}\" data-widget_type=\"raven-advanced-posts.default\">\n\t\t\t\t<div class=\"elementor-widget-container\">\n\t\t\t\t\t\t\t<div class=\"raven-posts raven-posts-grid\">\n\t\t\t\t\t\t<div class=\"advanced-posts-content content-layout-side raven-grid raven-grid-1 raven-grid-mobile-1 raven-grid-tablet-1  \" data-post-id=\"50\" data-archive-query=\"\">\n\t\t\t\t<div class=\"raven-posts-item raven-grid-item  \"><div class=\"raven-post-wrapper \"><div class=\"raven-post raven-post-inline raven-post-inline-left \"><div class=\"raven-post-image-wrap\"><a class=\"raven-post-image raven-image-fit\" href=\"http:\/\/bangbangbackup.fr\/?p=120\"> <img fetchpriority=\"high\" decoding=\"async\" width=\"600\" height=\"400\" src=\"http:\/\/bangbangbackup.fr\/wp-content\/uploads\/2025\/06\/bbb.png\" class=\"attachment-large size-large wp-image-41\" alt=\"\" \/><span class=\"raven-post-image-overlay\"><\/span><\/a><\/div><div class=\"raven-post-content\"><div class=\"raven-post-meta\"><a class=\"raven-post-meta-item raven-post-date\" href=\"http:\/\/bangbangbackup.fr\/?m=202506\" rel=\"bookmark\">juin 11, 2025<\/a><\/div><h3 class=\"raven-post-title\"><a class=\"raven-post-title-link\" href=\"http:\/\/bangbangbackup.fr\/?p=120\">Comment sauvegarder ses fichiers personnels en ligne ?<\/a><\/h3><div class=\"raven-post-excerpt\">Comment sauvegarder ses fichiers personnels en ligne ? Prot\u00e9ger ses fichiers personnels est devenu essentiel face aux cyberattaques, pannes ou erreurs humaines. Mais tous les services \u00ab\u00a0dans le cloud\u00a0\u00bb ne se valent pas. Voici ce qu\u2019il faut savoir pour bien sauvegarder vos donn\u00e9es, et \u00e9viter les mauvaises surprises.<\/div><div class=\"raven-post-read-more\"><a class=\"raven-post-button\" href=\"http:\/\/bangbangbackup.fr\/?p=120\"><span class=\"raven-post-button-text\">Lire plus<\/span><\/a><\/div><\/div><\/div><\/div><\/div>\t\t\t<\/div>\n\t\t\t\t\t<\/div>\n\t\t\t\t\t\t<\/div>\n\t\t\t\t<\/div>\n\t\t\t\t<\/div>\n\t\t\t\t\t<\/div>\n\t\t\t\t<\/div>\n\t\t<div class=\"elementor-element elementor-element-69556f8 e-flex e-con-boxed e-con e-parent\" data-id=\"69556f8\" data-element_type=\"container\">\n\t\t\t\t\t<div class=\"e-con-inner\">\n\t\t\t\t<div class=\"elementor-element elementor-element-dd4f14e elementor-widget elementor-widget-raven-advanced-posts\" data-id=\"dd4f14e\" data-element_type=\"widget\" data-settings=\"{&quot;load_effect&quot;:&quot;fade-in&quot;,&quot;show_sortable&quot;:&quot;yes&quot;,&quot;general_layout&quot;:&quot;grid&quot;,&quot;columns&quot;:&quot;3&quot;,&quot;columns_tablet&quot;:&quot;2&quot;,&quot;columns_mobile&quot;:&quot;1&quot;,&quot;show_all_title&quot;:&quot;yes&quot;,&quot;query_posts_per_page&quot;:6,&quot;query_offset&quot;:0}\" data-widget_type=\"raven-advanced-posts.default\">\n\t\t\t\t<div class=\"elementor-widget-container\">\n\t\t\t\t\t\t\t<div class=\"raven-posts raven-posts-grid\">\n\t\t\t<div class=\"raven-sortable\"><div class=\"raven-sortable-items\"><a class=\"raven-sortable-item raven-sortable-active\" data-category=\"-1\" href=\"#\">Tous<\/a><a class=\"raven-sortable-item\" data-category=\"6\" href=\"#\">Conseils<\/a><a class=\"raven-sortable-item\" data-category=\"1\" href=\"#\">Non class\u00e9<\/a><a class=\"raven-sortable-item\" data-category=\"4\" href=\"#\">Tous<\/a><a class=\"raven-sortable-item\" data-category=\"8\" href=\"#\">Tutoriels<\/a><\/div><span class=\"raven-posts-sortable-preloader\"><\/span><\/div>\t\t\t<div class=\"advanced-posts-content content-layout-under-image raven-grid raven-grid-3 raven-grid-mobile-1 raven-grid-tablet-2  \" data-post-id=\"50\" data-archive-query=\"\">\n\t\t\t\t<div class=\"raven-posts-item raven-grid-item  \"><div class=\"raven-post-wrapper raven-posts-load-effect raven-post-effect-fade-in\"><div class=\"raven-post  \"><div class=\"raven-post-image-wrap\"><a class=\"raven-post-image raven-image-fit\" href=\"http:\/\/bangbangbackup.fr\/?p=120\"> <img fetchpriority=\"high\" decoding=\"async\" width=\"600\" height=\"400\" src=\"http:\/\/bangbangbackup.fr\/wp-content\/uploads\/2025\/06\/bbb.png\" class=\"attachment-large size-large wp-image-41\" alt=\"\" \/><span class=\"raven-post-image-overlay\"><\/span><\/a><\/div><div class=\"raven-post-content\"><div class=\"raven-post-meta\"><a class=\"raven-post-meta-item raven-post-date\" href=\"http:\/\/bangbangbackup.fr\/?m=202506\" rel=\"bookmark\">juin 11, 2025<\/a><\/div><h3 class=\"raven-post-title\"><a class=\"raven-post-title-link\" href=\"http:\/\/bangbangbackup.fr\/?p=120\">Comment sauvegarder ses fichiers personnels en ligne ?<\/a><\/h3><div class=\"raven-post-excerpt\">Comment sauvegarder ses fichiers personnels en ligne ? Prot\u00e9ger ses fichiers personnels est devenu essentiel face aux cyberattaques,<\/div><div class=\"raven-post-read-more\"><a class=\"raven-post-button\" href=\"http:\/\/bangbangbackup.fr\/?p=120\"><span class=\"raven-post-button-text\">Lire plus<\/span><\/a><\/div><\/div><\/div><\/div><\/div><div class=\"raven-posts-item raven-grid-item  \"><div class=\"raven-post-wrapper raven-posts-load-effect raven-post-effect-fade-in\"><div class=\"raven-post  \"><div class=\"raven-post-image-wrap\"><a class=\"raven-post-image raven-image-fit\" href=\"http:\/\/bangbangbackup.fr\/?p=63\"> <img decoding=\"async\" width=\"1024\" height=\"512\" src=\"http:\/\/bangbangbackup.fr\/wp-content\/uploads\/2025\/06\/test-article-1.jpg\" class=\"attachment-large size-large wp-image-65\" alt=\"\" \/><span class=\"raven-post-image-overlay\"><\/span><\/a><\/div><div class=\"raven-post-content\"><div class=\"raven-post-meta\"><a class=\"raven-post-meta-item raven-post-date\" href=\"http:\/\/bangbangbackup.fr\/?m=202506\" rel=\"bookmark\">juin 10, 2025<\/a><\/div><h3 class=\"raven-post-title\"><a class=\"raven-post-title-link\" href=\"http:\/\/bangbangbackup.fr\/?p=63\">Les 10 meilleures pratiques pour s\u00e9curiser vos sauvegardes<\/a><\/h3><div class=\"raven-post-excerpt\">Les 10 meilleures pratiques pour s\u00e9curiser vos sauvegardes D\u00e9couvrez comment prot\u00e9ger efficacement vos donn\u00e9es avec ces conseils d&rsquo;experts<\/div><div class=\"raven-post-read-more\"><a class=\"raven-post-button\" href=\"http:\/\/bangbangbackup.fr\/?p=63\"><span class=\"raven-post-button-text\">Lire plus<\/span><\/a><\/div><\/div><\/div><\/div><\/div><div class=\"raven-posts-item raven-grid-item  \"><div class=\"raven-post-wrapper raven-posts-load-effect raven-post-effect-fade-in\"><div class=\"raven-post  \"><div class=\"raven-post-content\"><div class=\"raven-post-meta\"><a class=\"raven-post-meta-item raven-post-date\" href=\"http:\/\/bangbangbackup.fr\/?m=202505\" rel=\"bookmark\">mai 14, 2025<\/a><\/div><h3 class=\"raven-post-title\"><a class=\"raven-post-title-link\" href=\"http:\/\/bangbangbackup.fr\/?p=1\">Bonjour tout le monde\u00a0!<\/a><\/h3><div class=\"raven-post-excerpt\">Bienvenue sur WordPress. Ceci est votre premier article. Modifiez-le ou supprimez-le, puis commencez \u00e0 \u00e9crire\u00a0!<\/div><div class=\"raven-post-read-more\"><a class=\"raven-post-button\" href=\"http:\/\/bangbangbackup.fr\/?p=1\"><span class=\"raven-post-button-text\">Lire plus<\/span><\/a><\/div><\/div><\/div><\/div><\/div>\t\t\t<\/div>\n\t\t\t\t\t<\/div>\n\t\t\t\t\t\t<\/div>\n\t\t\t\t<\/div>\n\t\t\t\t\t<\/div>\n\t\t\t\t<\/div>\n\t\t<div class=\"elementor-element elementor-element-586c2eb e-flex e-con-boxed e-con e-parent\" data-id=\"586c2eb\" data-element_type=\"container\" data-settings=\"{&quot;background_background&quot;:&quot;classic&quot;}\">\n\t\t\t\t\t<div class=\"e-con-inner\">\n\t\t\t\t<div class=\"elementor-element elementor-element-cc104a7 elementor-widget elementor-widget-heading\" data-id=\"cc104a7\" data-element_type=\"widget\" data-widget_type=\"heading.default\">\n\t\t\t\t<div class=\"elementor-widget-container\">\n\t\t\t\t\t<h2 class=\"elementor-heading-title elementor-size-default\">Les guides<\/h2>\t\t\t\t<\/div>\n\t\t\t\t<\/div>\n\t\t<div class=\"elementor-element elementor-element-a57e59b e-con-full e-flex e-con e-child\" data-id=\"a57e59b\" data-element_type=\"container\">\n\t\t<div class=\"elementor-element elementor-element-fe3eea7 e-con-full e-flex e-con e-child\" data-id=\"fe3eea7\" data-element_type=\"container\">\n\t\t\t\t<\/div>\n\t\t<div class=\"elementor-element elementor-element-49fc938 e-con-full e-flex e-con e-child\" data-id=\"49fc938\" data-element_type=\"container\">\n\t\t\t\t<\/div>\n\t\t<div class=\"elementor-element elementor-element-16f6a17 e-con-full e-flex e-con e-child\" data-id=\"16f6a17\" data-element_type=\"container\">\n\t\t\t\t<\/div>\n\t\t\t\t<\/div>\n\t\t\t\t\t<\/div>\n\t\t\t\t<\/div>\n\t\t\t\t<\/div>\n\t\t","protected":false},"excerpt":{"rendered":"<p>Actualit\u00e9s et guides Lorem ipsum dolor sit amet, consectetur adipiscing elit. Ut elit tellus, luctus nec ullamcorper mattis, pulvinar dapibus leo. Cat\u00e9gorie 1 Cat\u00e9gorie 2 juin 11, 2025 Comment sauvegarder ses fichiers personnels en ligne ? Comment sauvegarder ses fichiers personnels en ligne ? Prot\u00e9ger ses fichiers personnels est devenu essentiel face aux cyberattaques, pannes [&hellip;]<\/p>\n","protected":false},"author":2,"featured_media":0,"parent":0,"menu_order":0,"comment_status":"closed","ping_status":"closed","template":"full-width.php","meta":{"_acf_changed":false,"footnotes":""},"class_list":["post-50","page","type-page","status-publish","hentry"],"acf":[],"yoast_head":"<!-- This site is optimized with the Yoast SEO plugin v25.5 - https:\/\/yoast.com\/wordpress\/plugins\/seo\/ -->\n<title>Actualit\u00e9s - Bang Bang Backup<\/title>\n<meta name=\"robots\" content=\"index, follow, max-snippet:-1, max-image-preview:large, max-video-preview:-1\" \/>\n<link rel=\"canonical\" href=\"http:\/\/bangbangbackup.fr\/?page_id=50\" \/>\n<meta property=\"og:locale\" content=\"fr_FR\" \/>\n<meta property=\"og:type\" content=\"article\" \/>\n<meta property=\"og:title\" content=\"Actualit\u00e9s - Bang Bang Backup\" \/>\n<meta property=\"og:description\" content=\"Actualit\u00e9s et guides Lorem ipsum dolor sit amet, consectetur adipiscing elit. Ut elit tellus, luctus nec ullamcorper mattis, pulvinar dapibus leo. Cat\u00e9gorie 1 Cat\u00e9gorie 2 juin 11, 2025 Comment sauvegarder ses fichiers personnels en ligne ? Comment sauvegarder ses fichiers personnels en ligne ? Prot\u00e9ger ses fichiers personnels est devenu essentiel face aux cyberattaques, pannes [&hellip;]\" \/>\n<meta property=\"og:url\" content=\"http:\/\/bangbangbackup.fr\/?page_id=50\" \/>\n<meta property=\"og:site_name\" content=\"Bang Bang Backup\" \/>\n<meta property=\"article:modified_time\" content=\"2025-12-24T10:35:36+00:00\" \/>\n<meta property=\"og:image\" content=\"http:\/\/bangbangbackup.fr\/wp-content\/uploads\/2025\/06\/bbb.png\" \/>\n\t<meta property=\"og:image:width\" content=\"600\" \/>\n\t<meta property=\"og:image:height\" content=\"400\" \/>\n\t<meta property=\"og:image:type\" content=\"image\/png\" \/>\n<meta name=\"twitter:card\" content=\"summary_large_image\" \/>\n<meta name=\"twitter:label1\" content=\"Dur\u00e9e de lecture estim\u00e9e\" \/>\n\t<meta name=\"twitter:data1\" content=\"2 minutes\" \/>\n<script type=\"application\/ld+json\" class=\"yoast-schema-graph\">{\"@context\":\"https:\/\/schema.org\",\"@graph\":[{\"@type\":\"WebPage\",\"@id\":\"http:\/\/bangbangbackup.fr\/?page_id=50\",\"url\":\"http:\/\/bangbangbackup.fr\/?page_id=50\",\"name\":\"Actualit\u00e9s - Bang Bang Backup\",\"isPartOf\":{\"@id\":\"http:\/\/bangbangbackup.fr\/#website\"},\"primaryImageOfPage\":{\"@id\":\"http:\/\/bangbangbackup.fr\/?page_id=50#primaryimage\"},\"image\":{\"@id\":\"http:\/\/bangbangbackup.fr\/?page_id=50#primaryimage\"},\"thumbnailUrl\":\"http:\/\/bangbangbackup.fr\/wp-content\/uploads\/2025\/06\/bbb.png\",\"datePublished\":\"2025-06-10T13:17:18+00:00\",\"dateModified\":\"2025-12-24T10:35:36+00:00\",\"breadcrumb\":{\"@id\":\"http:\/\/bangbangbackup.fr\/?page_id=50#breadcrumb\"},\"inLanguage\":\"fr-FR\",\"potentialAction\":[{\"@type\":\"ReadAction\",\"target\":[\"http:\/\/bangbangbackup.fr\/?page_id=50\"]}]},{\"@type\":\"ImageObject\",\"inLanguage\":\"fr-FR\",\"@id\":\"http:\/\/bangbangbackup.fr\/?page_id=50#primaryimage\",\"url\":\"http:\/\/bangbangbackup.fr\/wp-content\/uploads\/2025\/06\/bbb.png\",\"contentUrl\":\"http:\/\/bangbangbackup.fr\/wp-content\/uploads\/2025\/06\/bbb.png\",\"width\":600,\"height\":400},{\"@type\":\"BreadcrumbList\",\"@id\":\"http:\/\/bangbangbackup.fr\/?page_id=50#breadcrumb\",\"itemListElement\":[{\"@type\":\"ListItem\",\"position\":1,\"name\":\"Home\",\"item\":\"http:\/\/bangbangbackup.fr\/\"},{\"@type\":\"ListItem\",\"position\":2,\"name\":\"Actualit\u00e9s\"}]},{\"@type\":\"WebSite\",\"@id\":\"http:\/\/bangbangbackup.fr\/#website\",\"url\":\"http:\/\/bangbangbackup.fr\/\",\"name\":\"Bang Bang Backup\",\"description\":\"\",\"potentialAction\":[{\"@type\":\"SearchAction\",\"target\":{\"@type\":\"EntryPoint\",\"urlTemplate\":\"http:\/\/bangbangbackup.fr\/?s={search_term_string}\"},\"query-input\":{\"@type\":\"PropertyValueSpecification\",\"valueRequired\":true,\"valueName\":\"search_term_string\"}}],\"inLanguage\":\"fr-FR\"}]}<\/script>\n<!-- \/ Yoast SEO plugin. -->","yoast_head_json":{"title":"Actualit\u00e9s - Bang Bang Backup","robots":{"index":"index","follow":"follow","max-snippet":"max-snippet:-1","max-image-preview":"max-image-preview:large","max-video-preview":"max-video-preview:-1"},"canonical":"http:\/\/bangbangbackup.fr\/?page_id=50","og_locale":"fr_FR","og_type":"article","og_title":"Actualit\u00e9s - Bang Bang Backup","og_description":"Actualit\u00e9s et guides Lorem ipsum dolor sit amet, consectetur adipiscing elit. Ut elit tellus, luctus nec ullamcorper mattis, pulvinar dapibus leo. Cat\u00e9gorie 1 Cat\u00e9gorie 2 juin 11, 2025 Comment sauvegarder ses fichiers personnels en ligne ? Comment sauvegarder ses fichiers personnels en ligne ? Prot\u00e9ger ses fichiers personnels est devenu essentiel face aux cyberattaques, pannes [&hellip;]","og_url":"http:\/\/bangbangbackup.fr\/?page_id=50","og_site_name":"Bang Bang Backup","article_modified_time":"2025-12-24T10:35:36+00:00","og_image":[{"width":600,"height":400,"url":"http:\/\/bangbangbackup.fr\/wp-content\/uploads\/2025\/06\/bbb.png","type":"image\/png"}],"twitter_card":"summary_large_image","twitter_misc":{"Dur\u00e9e de lecture estim\u00e9e":"2 minutes"},"schema":{"@context":"https:\/\/schema.org","@graph":[{"@type":"WebPage","@id":"http:\/\/bangbangbackup.fr\/?page_id=50","url":"http:\/\/bangbangbackup.fr\/?page_id=50","name":"Actualit\u00e9s - Bang Bang Backup","isPartOf":{"@id":"http:\/\/bangbangbackup.fr\/#website"},"primaryImageOfPage":{"@id":"http:\/\/bangbangbackup.fr\/?page_id=50#primaryimage"},"image":{"@id":"http:\/\/bangbangbackup.fr\/?page_id=50#primaryimage"},"thumbnailUrl":"http:\/\/bangbangbackup.fr\/wp-content\/uploads\/2025\/06\/bbb.png","datePublished":"2025-06-10T13:17:18+00:00","dateModified":"2025-12-24T10:35:36+00:00","breadcrumb":{"@id":"http:\/\/bangbangbackup.fr\/?page_id=50#breadcrumb"},"inLanguage":"fr-FR","potentialAction":[{"@type":"ReadAction","target":["http:\/\/bangbangbackup.fr\/?page_id=50"]}]},{"@type":"ImageObject","inLanguage":"fr-FR","@id":"http:\/\/bangbangbackup.fr\/?page_id=50#primaryimage","url":"http:\/\/bangbangbackup.fr\/wp-content\/uploads\/2025\/06\/bbb.png","contentUrl":"http:\/\/bangbangbackup.fr\/wp-content\/uploads\/2025\/06\/bbb.png","width":600,"height":400},{"@type":"BreadcrumbList","@id":"http:\/\/bangbangbackup.fr\/?page_id=50#breadcrumb","itemListElement":[{"@type":"ListItem","position":1,"name":"Home","item":"http:\/\/bangbangbackup.fr\/"},{"@type":"ListItem","position":2,"name":"Actualit\u00e9s"}]},{"@type":"WebSite","@id":"http:\/\/bangbangbackup.fr\/#website","url":"http:\/\/bangbangbackup.fr\/","name":"Bang Bang Backup","description":"","potentialAction":[{"@type":"SearchAction","target":{"@type":"EntryPoint","urlTemplate":"http:\/\/bangbangbackup.fr\/?s={search_term_string}"},"query-input":{"@type":"PropertyValueSpecification","valueRequired":true,"valueName":"search_term_string"}}],"inLanguage":"fr-FR"}]}},"_links":{"self":[{"href":"http:\/\/bangbangbackup.fr\/index.php?rest_route=\/wp\/v2\/pages\/50","targetHints":{"allow":["GET"]}}],"collection":[{"href":"http:\/\/bangbangbackup.fr\/index.php?rest_route=\/wp\/v2\/pages"}],"about":[{"href":"http:\/\/bangbangbackup.fr\/index.php?rest_route=\/wp\/v2\/types\/page"}],"author":[{"embeddable":true,"href":"http:\/\/bangbangbackup.fr\/index.php?rest_route=\/wp\/v2\/users\/2"}],"replies":[{"embeddable":true,"href":"http:\/\/bangbangbackup.fr\/index.php?rest_route=%2Fwp%2Fv2%2Fcomments&post=50"}],"version-history":[{"count":77,"href":"http:\/\/bangbangbackup.fr\/index.php?rest_route=\/wp\/v2\/pages\/50\/revisions"}],"predecessor-version":[{"id":1239,"href":"http:\/\/bangbangbackup.fr\/index.php?rest_route=\/wp\/v2\/pages\/50\/revisions\/1239"}],"wp:attachment":[{"href":"http:\/\/bangbangbackup.fr\/index.php?rest_route=%2Fwp%2Fv2%2Fmedia&parent=50"}],"curies":[{"name":"wp","href":"https:\/\/api.w.org\/{rel}","templated":true}]}}